{"id":25265,"date":"2024-09-11T13:54:36","date_gmt":"2024-09-11T11:54:36","guid":{"rendered":"https:\/\/danishlimousine.com\/legal-information\/"},"modified":"2025-06-13T16:42:24","modified_gmt":"2025-06-13T14:42:24","slug":"juridiske-oplysninger","status":"publish","type":"page","link":"https:\/\/danishlimousine.com\/da\/juridiske-oplysninger\/","title":{"rendered":"Juridiske oplysninger"},"content":{"rendered":"<div class=\"wpb-content-wrapper\"><p>[vc_row][vc_column][vc_column_text css=&#8221;&#8221;]<\/p>\n<h2 style=\"text-align: justify;\">1. Pr\u00e6sentation af webstedet.<\/h2>\n<p style=\"text-align: justify;\">I henhold til artikel 6 i lov nr. 2004-575 af 21. juni 2004 om tillid til den digitale \u00f8konomi informeres brugerne af webstedet <a title=\"DL Limousine Chauff\u00f8rservice Danmark\" href=\"https:\/\/danishlimousine.com\/da\/\">danishlimousine.com<\/a> om identiteten af de forskellige parter, der er involveret i dets oprettelse og overv\u00e5gning:<\/p>\n<p style=\"text-align: justify;\">Ejer: DL Limousine Service &#8211; Lufthavnsboulevarden, CPH Lufthavn T3, 4. sal, 2770 Kastrup, Danmark<\/p>\n<p style=\"text-align: justify;\">Skabt af: <a href=\"https:\/\/www.yesdesign.fr\/\" target=\"_blank\" rel=\"noopener\">YES!Design &#8211; Web Agency Nice<\/a><\/p>\n<p style=\"text-align: justify;\">Ansvarlig for offentligg\u00f8relse: DL Limousine Service | kontakt {at} danishlimousine {dot) com<\/p>\n<p style=\"text-align: justify;\">Webmaster: YES!Design &#8211; Web Agency Nice &#8211; team {at} yesdesign {dot) fr<\/p>\n<p style=\"text-align: justify;\">Host: OVH &#8211; 2 rue Kellermann 59100 Roubaix, registreret i RCS i Roubaix under nummer B424 761 419<\/p>\n<h2 style=\"text-align: justify;\">2. Generelle betingelser for brug af webstedet og de tilbudte tjenester.<\/h2>\n<p style=\"text-align: justify;\">Brug af webstedet <a title=\"DL Limousine Chauff\u00f8rservice Danmark\" href=\"https:\/\/danishlimousine.com\/da\/\">danishlimousine.com<\/a> indeb\u00e6rer fuld accept af de generelle brugsbetingelser, der er beskrevet nedenfor. Disse brugsbetingelser kan til enhver tid \u00e6ndres eller suppleres, og brugerne af webstedet <a title=\"DL Limousine Chauff\u00f8rservice Danmark\" href=\"https:\/\/danishlimousine.com\/da\/\">danishlimousine.com<\/a> opfordres derfor til at l\u00e6se dem regelm\u00e6ssigt. Dette websted er normalt tilg\u00e6ngeligt for brugerne p\u00e5 alle tidspunkter. DL Limousine Service kan dog beslutte at afbryde webstedet af tekniske \u00e5rsager. DL Limousine Service vil g\u00f8re alt for at informere brugerne om datoer og tidspunkter for afbrydelsen p\u00e5 forh\u00e5nd. Webstedet <a title=\"DL Limousine Chauff\u00f8rservice Danmark\" href=\"https:\/\/danishlimousine.com\/da\/\">danishlimousine.com<\/a> opdateres regelm\u00e6ssigt af DL Limousine Service. Tilsvarende kan de juridiske meddelelser \u00e6ndres n\u00e5r som helst: de er dog bindende for brugeren, som opfordres til at l\u00e6se dem s\u00e5 ofte som muligt for at holde sig orienteret.<\/p>\n<h2 style=\"text-align: justify;\">3. Beskrivelse af de leverede tjenester.<\/h2>\n<p style=\"text-align: justify;\">Form\u00e5let med webstedet <a title=\"DL Limousine Chauff\u00f8rservice Danmark\" href=\"https:\/\/danishlimousine.com\/da\/\">danishlimousine.com<\/a> er at give information om alle virksomhedens aktiviteter. DL Limousine Service bestr\u00e6ber sig p\u00e5 at give s\u00e5 n\u00f8jagtige oplysninger som muligt p\u00e5 webstedet <a title=\"DL Limousine Chauff\u00f8rservice Danmark\" href=\"https:\/\/danishlimousine.com\/da\/\">danishlimousine.com<\/a>. Virksomheden kan dog ikke holdes ansvarlig for udeladelser, un\u00f8jagtigheder og mangler i opdateringen, uanset om disse skyldes virksomheden selv eller tredjepartspartnere, der leverer disse oplysninger. Alle oplysninger p\u00e5 webstedet <a title=\"DL Limousine Chauff\u00f8rservice Danmark\" href=\"https:\/\/danishlimousine.com\/da\/\">danishlimousine.com<\/a> er udelukkende til orientering og kan \u00e6ndres. Desuden er oplysningerne p\u00e5 webstedet <a title=\"DL Limousine Chauff\u00f8rservice Danmark\" href=\"https:\/\/danishlimousine.com\/da\/\">danishlimousine.com<\/a> ikke udt\u00f8mmende. De gives med forbehold for \u00e6ndringer, der er foretaget siden de blev lagt online.<\/p>\n<h2 style=\"text-align: justify;\">4. Kontraktm\u00e6ssige begr\u00e6nsninger vedr\u00f8rende tekniske data.<\/h2>\n<p style=\"text-align: justify;\">Webstedet bruger JavaScript-teknologi. Webstedet kan ikke holdes ansvarligt for materielle skader i forbindelse med brugen af webstedet. Desuden forpligter brugeren af webstedet sig til at tilg\u00e5 webstedet ved hj\u00e6lp af nyt, virusfrit udstyr og med en opdateret browser af seneste generation.<\/p>\n<h2 style=\"text-align: justify;\">5. Intellektuel ejendomsret og forfalskning.<\/h2>\n<p style=\"text-align: justify;\">DL Limousine Service er indehaver af de intellektuelle ejendomsrettigheder eller har brugsrettighederne til alle elementer, der er tilg\u00e6ngelige p\u00e5 webstedet, herunder is\u00e6r tekster, billeder, grafik, logoer, ikoner, lyde og software. Enhver reproduktion, gengivelse, \u00e6ndring, offentligg\u00f8relse eller tilpasning af hele eller dele af elementerne p\u00e5 webstedet, uanset midler eller proces, er forbudt uden forudg\u00e5ende skriftlig tilladelse fra: DL Limousine Service. Enhver uautoriseret brug af webstedet eller af nogen af de elementer, det indeholder, vil blive betragtet som en kr\u00e6nkelse og vil blive retsforfulgt i overensstemmelse med bestemmelserne i artikel L.335-2 ff. i lov om intellektuel ejendomsret.<\/p>\n<h2 style=\"text-align: justify;\">6. Ansvarsbegr\u00e6nsninger.<\/h2>\n<p style=\"text-align: justify;\">DL Limousine Service kan ikke holdes ansvarlig for direkte og indirekte skader p\u00e5 brugerens udstyr ved adgang til webstedet <a title=\"DL Limousine Chauff\u00f8rservice Danmark\" href=\"https:\/\/danishlimousine.com\/da\/\">danishlimousine. com<\/a> og som skyldes brug af udstyr, der ikke opfylder de specifikationer, der er angivet i punkt 4, eller som skyldes en fejl eller inkompatibilitet. DL Limousine Service kan ikke holdes ansvarlig for indirekte skader (s\u00e5som tab af marked eller tab af muligheder) som f\u00f8lge af brugen af webstedet <a title=\"DL Limousine Chauff\u00f8rservice Danmark\" href=\"https:\/\/danishlimousine.com\/da\/\">danishlimousine.com<\/a>. Interaktive omr\u00e5der (mulighed for at stille sp\u00f8rgsm\u00e5l i kontaktomr\u00e5det) er tilg\u00e6ngelige for brugerne. DL Limousine Service forbeholder sig ret til uden forudg\u00e5ende varsel at slette ethvert indhold, der er offentliggjort i dette omr\u00e5de, og som strider mod g\u00e6ldende lovgivning i Danmark, herunder bestemmelserne om databeskyttelse. DL Limousine Service forbeholder sig desuden ret til at holde brugeren civilretligt og\/eller strafferetligt ansvarlig, is\u00e6r i tilf\u00e6lde af racistiske, kr\u00e6nkende, \u00e6rekr\u00e6nkende eller pornografiske meddelelser, uanset hvilket medium der er anvendt (tekst, fotografier osv.).<\/p>\n<h2 style=\"text-align: justify;\">7. Behandling af personoplysninger.<\/h2>\n<p style=\"text-align: justify;\">I Danmark er personoplysninger beskyttet af lov nr. 78-87 af 6. januar 1978, lov nr. 2004-801 af 6. august 2004, artikel L. 226-13 i den franske straffelov og det europ\u00e6iske direktiv af 24. oktober 1995. N\u00e5r du bruger webstedet <a title=\"DL Limousine Chauff\u00f8rservice Danmark\" href=\"https:\/\/danishlimousine.com\/da\/\">danishlimousine.com<\/a>, kan f\u00f8lgende oplysninger indsamles: URL-adressen p\u00e5 de links, hvorigennem brugeren har f\u00e5et adgang til webstedet <a title=\"DL Limousine Chauff\u00f8rservice Danmark\" href=\"https:\/\/danishlimousine. com\/da\/\">danishlimousine.com<\/a>-webstedet, brugerens internetudbyder, brugerens IP-adresse. Under alle omst\u00e6ndigheder indsamler DL Limousine Service kun personlige oplysninger om brugeren med henblik p\u00e5 bestemte tjenester, der tilbydes af webstedet <a title=\"DL Limousine Chauff\u00f8rservice Danmark\" href=\"https:\/\/danishlimousine.com\/da\/\">danishlimousine.com<\/a>. Brugeren giver disse oplysninger med fuldt kendskab til fakta, is\u00e6r n\u00e5r han\/hun indtaster dem. Det angives derefter til brugeren af webstedet <a title=\"DL Limousine Chauff\u00f8rservice Danmark\" href=\"https:\/\/danishlimousine.com\/da\/\">danishlimousine.com<\/a>, om det er obligatorisk at give disse oplysninger. I overensstemmelse med bestemmelserne i artikel 38 og f\u00f8lgende i lov 78-17 af 6. januar 1978 om databehandling, filer og frihedsrettigheder har enhver bruger ret til at f\u00e5 adgang til, rette og g\u00f8re indsigelse mod personoplysninger om sig selv ved at indgive en skriftlig og underskrevet anmodning ledsaget af en kopi af identitetsdokumentet med dokumentindehaverens underskrift og angivelse af den adresse, hvortil svaret skal sendes. Ingen personlige oplysninger om brugeren af webstedet <a title=\"DL Limousine Chauff\u00f8rservice Danmark\" href=\"https:\/\/danishlimousine.com\/da\/\">danishlimousine.com<\/a> offentligg\u00f8res uden brugerens viden, udveksles, overf\u00f8res, overdrages eller s\u00e6lges p\u00e5 noget medium til tredjeparter. Kun overtagelse af DL Limousine Service og dets rettigheder vil g\u00f8re det muligt at videregive disse oplysninger til den eventuelle k\u00f8ber, som igen vil v\u00e6re underlagt samme forpligtelse til opbevaring og \u00e6ndring af oplysningerne over for brugeren af webstedet <a title=\"DL Limousine Chauff\u00f8rservice Danmark\" href=\"https:\/\/danishlimousine.com\/da\/\">danishlimousine.com<\/a>. Webstedet er ikke anmeldt til CNIL, da det ikke indsamler personlige oplysninger. Databaserne er beskyttet af bestemmelserne i lov af 1. juli 1998, der gennemf\u00f8rer direktiv 96\/9 af 11. marts 1996 om retlig beskyttelse af databaser.<\/p>\n<h2 style=\"text-align: justify;\">8. Hypertekstlinks og cookies.<\/h2>\n<p style=\"text-align: justify;\">Webstedet <a title=\"DL Limousine Chauff\u00f8rservice Danmark\" href=\"https:\/\/danishlimousine.com\/da\/\">danishlimousine.com<\/a> indeholder en r\u00e6kke hyperlinks til andre websteder, der er oprettet med tilladelse fra DL Limousine Service. DL Limousine Service er dog ikke i stand til at kontrollere indholdet af de bes\u00f8gte websteder og kan ikke p\u00e5tage sig noget ansvar for disse. Brug af webstedet <a title=\"DL Limousine Chauff\u00f8rservice Danmark\" href=\"https:\/\/danishlimousine.com\/da\/\">danishlimousine.com<\/a> kan medf\u00f8re, at der installeres cookies p\u00e5 brugerens computer. En cookie er en lille fil, der ikke g\u00f8r det muligt at identificere brugeren, men som registrerer oplysninger om en computers navigation p\u00e5 et websted. De s\u00e5ledes indhentede data har til form\u00e5l at lette den efterf\u00f8lgende navigation p\u00e5 webstedet og er ogs\u00e5 beregnet til at muligg\u00f8re forskellige m\u00e5linger af bes\u00f8gstal. N\u00e6gtelse af installation af cookies kan g\u00f8re det umuligt at f\u00e5 adgang til visse tjenester. Brugeren kan dog konfigurere sin computer p\u00e5 f\u00f8lgende m\u00e5de for at afvise installation af cookies: I Internet Explorer: Fanen Funktioner (ikon i form af et tandhjul \u00f8verst til h\u00f8jre) \/ Internetindstillinger. Klik p\u00e5 Fortrolighed og v\u00e6lg Blok\u00e9r alle cookies. Bekr\u00e6ft med Ok. I Firefox: \u00d8verst i browservinduet skal du klikke p\u00e5 Firefox-knappen og derefter g\u00e5 til fanen Indstillinger. Klik p\u00e5 fanen Privatliv. Indstil opbevaringsreglerne til: Brug brugerdefinerede indstillinger for historik. Fjern til sidst markeringen for at deaktivere cookies. I Safari: Klik p\u00e5 menuikonet (symboliseret med et tandhjul) \u00f8verst til h\u00f8jre i browseren. V\u00e6lg Indstillinger. Klik p\u00e5 Vis avancerede indstillinger. I afsnittet &#8220;Privatliv&#8221; skal du klikke p\u00e5 &#8220;Indholdsindstillinger&#8221;. I afsnittet &#8220;Cookies&#8221; kan du blokere cookies. I Chrome: Klik p\u00e5 menuikonet (symboliseret ved tre vandrette linjer) \u00f8verst til h\u00f8jre i browseren. V\u00e6lg Indstillinger. Klik p\u00e5 Vis avancerede indstillinger. I afsnittet &#8220;Privatliv&#8221; skal du klikke p\u00e5 pr\u00e6ferencer. I fanen &#8220;Privatliv&#8221; kan du blokere cookies.<\/p>\n<h2 style=\"text-align: justify;\">9. G\u00e6ldende lovgivning og jurisdiktion.<\/h2>\n<p style=\"text-align: justify;\">Enhver tvist vedr\u00f8rende brugen af webstedet <a title=\"DL Limousine Chauff\u00f8rservice Danmark\" href=\"https:\/\/danishlimousine.com\/da\/\">danishlimousine.com<\/a> er underlagt fransk lovgivning. De kompetente domstole i Paris har enekompetence.<\/p>\n<h2 style=\"text-align: justify;\">10. De vigtigste love, der er omfattet.<\/h2>\n<p style=\"text-align: justify;\">Lov nr. 78-17 af 6. januar 1978, \u00e6ndret ved lov nr. 2004-801 af 6. august 2004 om informationsteknologi, filer og frihedsrettigheder. Lov nr. 2004-575 af 21. juni 2004 om tillid til den digitale \u00f8konomi.<\/p>\n<h2 style=\"text-align: justify;\">11. Ordliste.<\/h2>\n<p style=\"text-align: justify;\">Bruger: Internetbruger, der opretter forbindelse til og bruger ovenn\u00e6vnte websted. Personoplysninger: &#8220;oplysninger, der p\u00e5 nogen m\u00e5de, direkte eller indirekte, g\u00f8r det muligt at identificere de fysiske personer, som de vedr\u00f8rer&#8221; (artikel 4 i lov nr. 78-17 af 6. januar 1978).<\/p>\n<p>[\/vc_column_text][\/vc_column][\/vc_row]<\/p>\n<\/div>","protected":false},"excerpt":{"rendered":"<p>[vc_row][vc_column][vc_column_text css=&#8221;&#8221;] 1. Pr\u00e6sentation af webstedet. I henhold til artikel 6 i lov nr. 2004-575 af 21. juni 2004 om&#8230;<\/p>\n","protected":false},"author":1,"featured_media":21927,"parent":0,"menu_order":0,"comment_status":"closed","ping_status":"open","template":"","meta":{"rank_math_title":"","rank_math_description":"","rank_math_focus_keyword":"","footnotes":""},"class_list":["post-25265","page","type-page","status-publish","has-post-thumbnail"],"_links":{"self":[{"href":"https:\/\/danishlimousine.com\/da\/wp-json\/wp\/v2\/pages\/25265","targetHints":{"allow":["GET"]}}],"collection":[{"href":"https:\/\/danishlimousine.com\/da\/wp-json\/wp\/v2\/pages"}],"about":[{"href":"https:\/\/danishlimousine.com\/da\/wp-json\/wp\/v2\/types\/page"}],"author":[{"embeddable":true,"href":"https:\/\/danishlimousine.com\/da\/wp-json\/wp\/v2\/users\/1"}],"replies":[{"embeddable":true,"href":"https:\/\/danishlimousine.com\/da\/wp-json\/wp\/v2\/comments?post=25265"}],"version-history":[{"count":3,"href":"https:\/\/danishlimousine.com\/da\/wp-json\/wp\/v2\/pages\/25265\/revisions"}],"predecessor-version":[{"id":25282,"href":"https:\/\/danishlimousine.com\/da\/wp-json\/wp\/v2\/pages\/25265\/revisions\/25282"}],"wp:featuredmedia":[{"embeddable":true,"href":"https:\/\/danishlimousine.com\/da\/wp-json\/wp\/v2\/media\/21927"}],"wp:attachment":[{"href":"https:\/\/danishlimousine.com\/da\/wp-json\/wp\/v2\/media?parent=25265"}],"curies":[{"name":"wp","href":"https:\/\/api.w.org\/{rel}","templated":true}]}}